{"id":80,"date":"2013-12-12T16:54:42","date_gmt":"2013-12-12T15:54:42","guid":{"rendered":"http:\/\/www.jongnederlandbakel.nl\/?page_id=80"},"modified":"2020-10-03T21:33:30","modified_gmt":"2020-10-03T19:33:30","slug":"blokhut","status":"publish","type":"page","link":"https:\/\/www.jongnederlandbakel.nl\/?page_id=80","title":{"rendered":"Jeugdhuis"},"content":{"rendered":"<p><a href=\"http:\/\/www.jongnederlandbakel.nl\/wp-content\/uploads\/Jeugdhuis.jpg\"><img loading=\"lazy\" class=\"aligncenter wp-image-1807\" src=\"http:\/\/www.jongnederlandbakel.nl\/wp-content\/uploads\/2020\/10\/IMG_1213-300x225.jpg\" alt=\"\" width=\"485\" height=\"364\" srcset=\"https:\/\/www.jongnederlandbakel.nl\/wp-content\/uploads\/2020\/10\/IMG_1213-300x225.jpg 300w, https:\/\/www.jongnederlandbakel.nl\/wp-content\/uploads\/2020\/10\/IMG_1213-600x450.jpg 600w, https:\/\/www.jongnederlandbakel.nl\/wp-content\/uploads\/2020\/10\/IMG_1213-768x576.jpg 768w, https:\/\/www.jongnederlandbakel.nl\/wp-content\/uploads\/2020\/10\/IMG_1213-1024x768.jpg 1024w\" sizes=\"(max-width: 485px) 100vw, 485px\" \/><br \/>\n<\/a><\/p>\n<p>Onze blokhut, &#8217;t Jeugdhuis is gelegen aan de rand van Bakel, op loopafstand van het centrum. De blokhut staat vlakbij de bossen, de Groene Long en de Zandse Berg.<\/p>\n<p>Er zijn volop mogelijkheden om lekker met de kinderen naar buiten te gaan. &#8217;t Jeugdhuis zelf bestaat uit \u00e9\u00e9n grote zaal, die door middel van een schuifwand \u00e9\u00e9n grote zaal in twee kleinere zalen kan verdelen. Daarnaast is er een stafkamer, een keuken, twee toiletruimtes en een doucheruimte aanwezig in het pand.<\/p>\n<p>Onze blokhut is ook te huur! Let op,&nbsp;wij verhuren ons Jeugdhuis alleen aan georganiseerd Jeugdwerk, ons Jeugdhuis is dus niet beschikbaar voor familieaangelegenheden, feesten of dergelijke.<\/p>\n<p>Voor meer informatie of een prijsopgave kun je een e-mail sturen naar:&nbsp;<a href=\"mailto:accommodaties@jongnederlandbakel.nl\">accommodaties@jongnederlandbakel.nl<\/a>.<\/p>\n<h6><b>Klik&nbsp;<\/b><b><span style=\"color: #800080;\"><span style=\"color: #0000ff;\"><a style=\"color: #0000ff;\" href=\"http:\/\/www.jongnederlandbakel.nl\/?page_id=99\">hier<\/a><\/span>&nbsp;<\/span><\/b><b>voor beschikbaarheid van &#8217;t Jeugdhuis.<\/b><\/h6>\n<p><strong>&#8217;t Jeugdhuis<\/strong><br \/>\nBernhardstraat 20<br \/>\n5761 BJ Bakel<\/p>\n<div id=\"attachment_712\" style=\"width: 160px\" class=\"wp-caption alignleft\"><img aria-describedby=\"caption-attachment-712\" loading=\"lazy\" class=\"wp-image-712 size-thumbnail\" src=\"http:\/\/www.jongnederlandbakel.nl\/wp-content\/uploads\/2017\/03\/P1060853-150x150.jpg\" alt=\"De Sportzaal\" width=\"150\" height=\"150\" srcset=\"https:\/\/www.jongnederlandbakel.nl\/wp-content\/uploads\/2017\/03\/P1060853-150x150.jpg 150w, https:\/\/www.jongnederlandbakel.nl\/wp-content\/uploads\/2017\/03\/P1060853-300x300.jpg 300w, https:\/\/www.jongnederlandbakel.nl\/wp-content\/uploads\/2017\/03\/P1060853-100x100.jpg 100w, https:\/\/www.jongnederlandbakel.nl\/wp-content\/uploads\/2017\/03\/P1060853-160x160.jpg 160w, https:\/\/www.jongnederlandbakel.nl\/wp-content\/uploads\/2017\/03\/P1060853-320x320.jpg 320w\" sizes=\"(max-width: 150px) 100vw, 150px\" \/><p id=\"caption-attachment-712\" class=\"wp-caption-text\">De Sportzaal<\/p><\/div>\n<div id=\"attachment_709\" style=\"width: 160px\" class=\"wp-caption alignright\"><img aria-describedby=\"caption-attachment-709\" loading=\"lazy\" class=\"wp-image-709 size-thumbnail\" src=\"http:\/\/www.jongnederlandbakel.nl\/wp-content\/uploads\/2017\/03\/P1060849-150x150.jpg\" alt=\"De Discozaal\" width=\"150\" height=\"150\" srcset=\"https:\/\/www.jongnederlandbakel.nl\/wp-content\/uploads\/2017\/03\/P1060849-150x150.jpg 150w, https:\/\/www.jongnederlandbakel.nl\/wp-content\/uploads\/2017\/03\/P1060849-300x300.jpg 300w, https:\/\/www.jongnederlandbakel.nl\/wp-content\/uploads\/2017\/03\/P1060849-100x100.jpg 100w, https:\/\/www.jongnederlandbakel.nl\/wp-content\/uploads\/2017\/03\/P1060849-160x160.jpg 160w, https:\/\/www.jongnederlandbakel.nl\/wp-content\/uploads\/2017\/03\/P1060849-320x320.jpg 320w\" sizes=\"(max-width: 150px) 100vw, 150px\" \/><p id=\"caption-attachment-709\" class=\"wp-caption-text\">De Discozaal<\/p><\/div>\n<div id=\"attachment_717\" style=\"width: 160px\" class=\"wp-caption aligncenter\"><img aria-describedby=\"caption-attachment-717\" loading=\"lazy\" class=\"size-thumbnail wp-image-717\" src=\"http:\/\/www.jongnederlandbakel.nl\/wp-content\/uploads\/2017\/03\/P1060858-150x150.jpg\" alt=\"Het Handenarbeidlokaal\" width=\"150\" height=\"150\" srcset=\"https:\/\/www.jongnederlandbakel.nl\/wp-content\/uploads\/2017\/03\/P1060858-150x150.jpg 150w, https:\/\/www.jongnederlandbakel.nl\/wp-content\/uploads\/2017\/03\/P1060858-300x300.jpg 300w, https:\/\/www.jongnederlandbakel.nl\/wp-content\/uploads\/2017\/03\/P1060858-100x100.jpg 100w, https:\/\/www.jongnederlandbakel.nl\/wp-content\/uploads\/2017\/03\/P1060858-160x160.jpg 160w, https:\/\/www.jongnederlandbakel.nl\/wp-content\/uploads\/2017\/03\/P1060858-320x320.jpg 320w\" sizes=\"(max-width: 150px) 100vw, 150px\" \/><p id=\"caption-attachment-717\" class=\"wp-caption-text\">Het Handenarbeidlokaal<\/p><\/div>\n<div id=\"attachment_715\" style=\"width: 160px\" class=\"wp-caption alignleft\"><img aria-describedby=\"caption-attachment-715\" loading=\"lazy\" class=\"wp-image-715 size-thumbnail\" src=\"http:\/\/www.jongnederlandbakel.nl\/wp-content\/uploads\/2017\/03\/P1060856-150x150.jpg\" alt=\"De Keuken\" width=\"150\" height=\"150\" srcset=\"https:\/\/www.jongnederlandbakel.nl\/wp-content\/uploads\/2017\/03\/P1060856-150x150.jpg 150w, https:\/\/www.jongnederlandbakel.nl\/wp-content\/uploads\/2017\/03\/P1060856-300x300.jpg 300w, https:\/\/www.jongnederlandbakel.nl\/wp-content\/uploads\/2017\/03\/P1060856-100x100.jpg 100w, https:\/\/www.jongnederlandbakel.nl\/wp-content\/uploads\/2017\/03\/P1060856-160x160.jpg 160w, https:\/\/www.jongnederlandbakel.nl\/wp-content\/uploads\/2017\/03\/P1060856-320x320.jpg 320w\" sizes=\"(max-width: 150px) 100vw, 150px\" \/><p id=\"caption-attachment-715\" class=\"wp-caption-text\">Keuken<\/p><\/div>\n<div id=\"attachment_721\" style=\"width: 160px\" class=\"wp-caption alignright\"><img aria-describedby=\"caption-attachment-721\" loading=\"lazy\" class=\"wp-image-721 size-thumbnail\" src=\"http:\/\/www.jongnederlandbakel.nl\/wp-content\/uploads\/2017\/03\/P1060862-150x150.jpg\" alt=\"De Stafkamer \" width=\"150\" height=\"150\" srcset=\"https:\/\/www.jongnederlandbakel.nl\/wp-content\/uploads\/2017\/03\/P1060862-150x150.jpg 150w, https:\/\/www.jongnederlandbakel.nl\/wp-content\/uploads\/2017\/03\/P1060862-300x300.jpg 300w, https:\/\/www.jongnederlandbakel.nl\/wp-content\/uploads\/2017\/03\/P1060862-100x100.jpg 100w, https:\/\/www.jongnederlandbakel.nl\/wp-content\/uploads\/2017\/03\/P1060862-160x160.jpg 160w, https:\/\/www.jongnederlandbakel.nl\/wp-content\/uploads\/2017\/03\/P1060862-320x320.jpg 320w\" sizes=\"(max-width: 150px) 100vw, 150px\" \/><p id=\"caption-attachment-721\" class=\"wp-caption-text\">Stafkamer<\/p><\/div>\n<div id=\"attachment_716\" style=\"width: 160px\" class=\"wp-caption alignleft\"><img aria-describedby=\"caption-attachment-716\" loading=\"lazy\" class=\"wp-image-716 size-thumbnail\" src=\"http:\/\/www.jongnederlandbakel.nl\/wp-content\/uploads\/2017\/03\/P1060857-150x150.jpg\" alt=\"P1060857\" width=\"150\" height=\"150\" srcset=\"https:\/\/www.jongnederlandbakel.nl\/wp-content\/uploads\/2017\/03\/P1060857-150x150.jpg 150w, https:\/\/www.jongnederlandbakel.nl\/wp-content\/uploads\/2017\/03\/P1060857-300x300.jpg 300w, https:\/\/www.jongnederlandbakel.nl\/wp-content\/uploads\/2017\/03\/P1060857-100x100.jpg 100w, https:\/\/www.jongnederlandbakel.nl\/wp-content\/uploads\/2017\/03\/P1060857-160x160.jpg 160w, https:\/\/www.jongnederlandbakel.nl\/wp-content\/uploads\/2017\/03\/P1060857-320x320.jpg 320w\" sizes=\"(max-width: 150px) 100vw, 150px\" \/><p id=\"caption-attachment-716\" class=\"wp-caption-text\">Keuken<\/p><\/div>\n<div id=\"attachment_713\" style=\"width: 160px\" class=\"wp-caption alignright\"><img aria-describedby=\"caption-attachment-713\" loading=\"lazy\" class=\"wp-image-713 size-thumbnail\" src=\"http:\/\/www.jongnederlandbakel.nl\/wp-content\/uploads\/2017\/03\/P1060854-150x150.jpg\" alt=\"P1060854\" width=\"150\" height=\"150\" srcset=\"https:\/\/www.jongnederlandbakel.nl\/wp-content\/uploads\/2017\/03\/P1060854-150x150.jpg 150w, https:\/\/www.jongnederlandbakel.nl\/wp-content\/uploads\/2017\/03\/P1060854-300x300.jpg 300w, https:\/\/www.jongnederlandbakel.nl\/wp-content\/uploads\/2017\/03\/P1060854-100x100.jpg 100w, https:\/\/www.jongnederlandbakel.nl\/wp-content\/uploads\/2017\/03\/P1060854-160x160.jpg 160w, https:\/\/www.jongnederlandbakel.nl\/wp-content\/uploads\/2017\/03\/P1060854-320x320.jpg 320w\" sizes=\"(max-width: 150px) 100vw, 150px\" \/><p id=\"caption-attachment-713\" class=\"wp-caption-text\">Sportzaal \/ Discozaal<\/p><\/div>\n<p>&nbsp;<\/p>\n<p>&nbsp;<\/p>\n<p>&nbsp;<\/p>\n<p>&nbsp;<\/p>\n<p>&nbsp;<\/p>\n<p><b>&nbsp;<\/b><\/p>\n","protected":false},"excerpt":{"rendered":"<p>Onze blokhut, &#8217;t Jeugdhuis is gelegen aan de rand van Bakel, op loopafstand van het centrum. De blokhut staat vlakbij de bossen, de Groene Long en de Zandse Berg. Er zijn volop mogelijkheden om&#46;&#46;&#46;<\/p>\n","protected":false},"author":1,"featured_media":0,"parent":16,"menu_order":1,"comment_status":"closed","ping_status":"closed","template":"","meta":{"_mi_skip_tracking":false,"ngg_post_thumbnail":0},"_links":{"self":[{"href":"https:\/\/www.jongnederlandbakel.nl\/index.php?rest_route=\/wp\/v2\/pages\/80"}],"collection":[{"href":"https:\/\/www.jongnederlandbakel.nl\/index.php?rest_route=\/wp\/v2\/pages"}],"about":[{"href":"https:\/\/www.jongnederlandbakel.nl\/index.php?rest_route=\/wp\/v2\/types\/page"}],"author":[{"embeddable":true,"href":"https:\/\/www.jongnederlandbakel.nl\/index.php?rest_route=\/wp\/v2\/users\/1"}],"replies":[{"embeddable":true,"href":"https:\/\/www.jongnederlandbakel.nl\/index.php?rest_route=%2Fwp%2Fv2%2Fcomments&post=80"}],"version-history":[{"count":30,"href":"https:\/\/www.jongnederlandbakel.nl\/index.php?rest_route=\/wp\/v2\/pages\/80\/revisions"}],"predecessor-version":[{"id":1831,"href":"https:\/\/www.jongnederlandbakel.nl\/index.php?rest_route=\/wp\/v2\/pages\/80\/revisions\/1831"}],"up":[{"embeddable":true,"href":"https:\/\/www.jongnederlandbakel.nl\/index.php?rest_route=\/wp\/v2\/pages\/16"}],"wp:attachment":[{"href":"https:\/\/www.jongnederlandbakel.nl\/index.php?rest_route=%2Fwp%2Fv2%2Fmedia&parent=80"}],"curies":[{"name":"wp","href":"https:\/\/api.w.org\/{rel}","templated":true}]}}